{"id":213,"date":"2026-03-15T20:55:56","date_gmt":"2026-03-15T18:55:56","guid":{"rendered":"https:\/\/premiumtherapy.ee\/?page_id=213"},"modified":"2026-03-15T22:26:32","modified_gmt":"2026-03-15T20:26:32","slug":"eripedagoog","status":"publish","type":"page","link":"https:\/\/premiumtherapy.ee\/en\/eripedagoog\/","title":{"rendered":"Eripedagoog"},"content":{"rendered":"\t\t<div data-elementor-type=\"wp-post\" data-elementor-id=\"213\" class=\"elementor elementor-213\">\n\t\t\t\t<div class=\"elementor-element elementor-element-d61d939 e-flex e-con-boxed e-con e-parent\" data-id=\"d61d939\" data-element_type=\"container\" data-e-type=\"container\">\n\t\t\t\t\t<div class=\"e-con-inner\">\n\t\t\t\t<div class=\"elementor-element elementor-element-cabe364 elementor-widget elementor-widget-heading\" data-id=\"cabe364\" data-element_type=\"widget\" data-e-type=\"widget\" data-widget_type=\"heading.default\">\n\t\t\t\t\t<h3 class=\"elementor-heading-title elementor-size-default\">Eripedagoogiline n\u00f5ustamine ja \u00f5piabi lastele\/noortele<\/h3>\t\t\t\t<\/div>\n\t\t\t\t\t<\/div>\n\t\t\t\t<\/div>\n\t\t<div class=\"elementor-element elementor-element-96b2a74 e-flex e-con-boxed e-con e-parent\" data-id=\"96b2a74\" data-element_type=\"container\" data-e-type=\"container\">\n\t\t\t\t\t<div class=\"e-con-inner\">\n\t\t<div class=\"elementor-element elementor-element-7ba734b e-con-full e-flex e-con e-child\" data-id=\"7ba734b\" data-element_type=\"container\" data-e-type=\"container\">\n\t\t\t\t<div class=\"elementor-element elementor-element-bd2a082 elementor-widget elementor-widget-text-editor\" data-id=\"bd2a082\" data-element_type=\"widget\" data-e-type=\"widget\" data-widget_type=\"text-editor.default\">\n\t\t\t\t\t\t\t\t\t<p>Eripedagoog\u00a0on tugispetsialist, kes aitab lapsi ja noori (sh t\u00e4iskasvanuid), kelle \u00f5ppimine v\u00f5i areng vajab tavap\u00e4rasest rohkem tuge.<\/p><p>Eripedagoogi t\u00f6\u00f6 on m\u00e4rgata ja m\u00f5ista, miks lapsel v\u00f5ib \u00f5ppimises v\u00f5i \u00fcldises toimetulekus raskusi tekkida ning aitab leida sobivaid lahendusi.<\/p>\t\t\t\t\t\t\t\t<\/div>\n\t\t\t\t<\/div>\n\t\t<div class=\"elementor-element elementor-element-22d20b7 e-con-full e-flex e-con e-child\" data-id=\"22d20b7\" data-element_type=\"container\" data-e-type=\"container\">\n\t\t\t\t<div class=\"elementor-element elementor-element-a249914 elementor-widget elementor-widget-image\" data-id=\"a249914\" data-element_type=\"widget\" data-e-type=\"widget\" data-widget_type=\"image.default\">\n\t\t\t\t\t\t\t\t\t\t\t\t\t\t\t<img fetchpriority=\"high\" decoding=\"async\" width=\"764\" height=\"1024\" src=\"https:\/\/premiumtherapy.ee\/wp-content\/uploads\/2026\/01\/Image_ygojkqygojkqygoj-764x1024.png\" class=\"attachment-large size-large wp-image-66\" alt=\"\" srcset=\"https:\/\/premiumtherapy.ee\/wp-content\/uploads\/2026\/01\/Image_ygojkqygojkqygoj-764x1024.png 764w, https:\/\/premiumtherapy.ee\/wp-content\/uploads\/2026\/01\/Image_ygojkqygojkqygoj-224x300.png 224w, https:\/\/premiumtherapy.ee\/wp-content\/uploads\/2026\/01\/Image_ygojkqygojkqygoj-768x1030.png 768w, https:\/\/premiumtherapy.ee\/wp-content\/uploads\/2026\/01\/Image_ygojkqygojkqygoj-9x12.png 9w, https:\/\/premiumtherapy.ee\/wp-content\/uploads\/2026\/01\/Image_ygojkqygojkqygoj.png 812w\" sizes=\"(max-width: 764px) 100vw, 764px\" \/>\t\t\t\t\t\t\t\t\t\t\t\t\t\t\t<\/div>\n\t\t\t\t<\/div>\n\t\t\t\t\t<\/div>\n\t\t\t\t<\/div>\n\t\t<div class=\"elementor-element elementor-element-2935167 e-flex e-con-boxed e-con e-parent\" data-id=\"2935167\" data-element_type=\"container\" data-e-type=\"container\">\n\t\t\t\t\t<div class=\"e-con-inner\">\n\t\t<div class=\"elementor-element elementor-element-75e86a5 e-con-full e-flex e-con e-child\" data-id=\"75e86a5\" data-element_type=\"container\" data-e-type=\"container\">\n\t\t\t\t<div class=\"elementor-element elementor-element-3c3b7b4 elementor-widget__width-initial elementor-widget elementor-widget-text-editor\" data-id=\"3c3b7b4\" data-element_type=\"widget\" data-e-type=\"widget\" data-widget_type=\"text-editor.default\">\n\t\t\t\t\t\t\t\t\t<p><strong>Mida eripedagoog teeb?<\/strong><\/p><p><u>Eripedagoog:<\/u><\/p><ul><li>hindab lapse\u00a0\u00f5pioskusi ja arengut<\/li><li>selgitab v\u00e4lja,\u00a0millist tuge laps vajab<\/li><li>viib l\u00e4bi\u00a0\u00f5pi- ja arendustegevusi<\/li><li>\u00f5petab\u00a0lugemist, kirjutamist jt\u00a0\u00f5ppimisoskusi<\/li><li>keskendub kognitiivsete oskuste arengule<\/li><li>n\u00f5ustab\u00a0lapsevanemaid ja \u00f5petajaid, kuidas last toetada<\/li><\/ul>\t\t\t\t\t\t\t\t<\/div>\n\t\t\t\t<\/div>\n\t\t<div class=\"elementor-element elementor-element-a10ac9a e-con-full e-flex e-con e-child\" data-id=\"a10ac9a\" data-element_type=\"container\" data-e-type=\"container\">\n\t\t\t\t<div class=\"elementor-element elementor-element-46cbbb0 elementor-widget elementor-widget-text-editor\" data-id=\"46cbbb0\" data-element_type=\"widget\" data-e-type=\"widget\" data-widget_type=\"text-editor.default\">\n\t\t\t\t\t\t\t\t\t<p><strong>Millal p\u00f6\u00f6rduda eripedagoogi poole?<\/strong><\/p><p>Eripedagoogi poole tasub p\u00f6\u00f6rduda n\u00e4iteks siis, kui:<\/p><ul><li>lapsel on\u00a0raske lugeda, kirjutada,\u00a0teksti m\u00f5ista jne.<\/li><li>\u00f5ppimine tekitab\u00a0suurt pinget v\u00f5i vastumeelsust<\/li><li>laps\u00a0ei saa\u00a0lasteaias\/koolis piisavalt tuge<\/li><li>tekib k\u00fcsimus, kas lapse\u00a0areng on eakohane<\/li><li>m\u00f5istmaks lapse erip\u00e4rasid ning toevajadust<\/li><\/ul><p>Eripedagoogi eesm\u00e4rk on aidata lapsel\u00a0leida oma tugevused, saada enesekindlust ja tulla \u00f5ppimisega paremini toime.\u00a0<\/p>\t\t\t\t\t\t\t\t<\/div>\n\t\t\t\t<\/div>\n\t\t\t\t\t<\/div>\n\t\t\t\t<\/div>\n\t\t<div class=\"elementor-element elementor-element-747421f e-flex e-con-boxed e-con e-parent\" data-id=\"747421f\" data-element_type=\"container\" data-e-type=\"container\">\n\t\t\t\t\t<div class=\"e-con-inner\">\n\t\t\t\t<div class=\"elementor-element elementor-element-19dc93f elementor-widget elementor-widget-heading\" data-id=\"19dc93f\" data-element_type=\"widget\" data-e-type=\"widget\" data-widget_type=\"heading.default\">\n\t\t\t\t\t<h3 class=\"elementor-heading-title elementor-size-default\">Minust<\/h3>\t\t\t\t<\/div>\n\t\t\t\t\t<\/div>\n\t\t\t\t<\/div>\n\t\t<div class=\"elementor-element elementor-element-1b4ce0a e-flex e-con-boxed e-con e-parent\" data-id=\"1b4ce0a\" data-element_type=\"container\" data-e-type=\"container\">\n\t\t\t\t\t<div class=\"e-con-inner\">\n\t\t<div class=\"elementor-element elementor-element-34242b4 e-con-full e-flex e-con e-child\" data-id=\"34242b4\" data-element_type=\"container\" data-e-type=\"container\">\n\t\t\t\t<div class=\"elementor-element elementor-element-051b9dd elementor-widget elementor-widget-text-editor\" data-id=\"051b9dd\" data-element_type=\"widget\" data-e-type=\"widget\" data-widget_type=\"text-editor.default\">\n\t\t\t\t\t\t\t\t\t<p>Olen eripedagoog-n\u00f5ustaja(tase 7), kelle enam kui 10-aastane praktiline kogemus on andnud mulle oskuse toetada igat \u00f5ppijat s\u00f5ltumata tema individuaalsest \u00f5ppekavast v\u00f5i erivajaduse spetsiifikast. Minu t\u00f6\u00f6lauale kuuluvad k\u00f5ik \u00f5ppekavatasemed \u2013 riiklik \u00f5ppekava, lihtsustatud, toimetuleku- ning hooldus\u00f5pe \u2013, leides igale inimesele tema v\u00f5imetele vastavad meetodid edasiliikumiseks.<\/p>\t\t\t\t\t\t\t\t<\/div>\n\t\t\t\t<\/div>\n\t\t<div class=\"elementor-element elementor-element-c28b713 e-con-full e-flex e-con e-child\" data-id=\"c28b713\" data-element_type=\"container\" data-e-type=\"container\">\n\t\t\t\t<div class=\"elementor-element elementor-element-eaac1f7 elementor-widget elementor-widget-image\" data-id=\"eaac1f7\" data-element_type=\"widget\" data-e-type=\"widget\" data-widget_type=\"image.default\">\n\t\t\t\t\t\t\t\t\t\t\t\t\t\t\t<img decoding=\"async\" width=\"850\" height=\"1024\" src=\"https:\/\/premiumtherapy.ee\/wp-content\/uploads\/2026\/01\/unnamed-850x1024.jpg\" class=\"attachment-large size-large wp-image-58\" alt=\"\" srcset=\"https:\/\/premiumtherapy.ee\/wp-content\/uploads\/2026\/01\/unnamed-850x1024.jpg 850w, https:\/\/premiumtherapy.ee\/wp-content\/uploads\/2026\/01\/unnamed-249x300.jpg 249w, https:\/\/premiumtherapy.ee\/wp-content\/uploads\/2026\/01\/unnamed-768x925.jpg 768w, https:\/\/premiumtherapy.ee\/wp-content\/uploads\/2026\/01\/unnamed-10x12.jpg 10w, https:\/\/premiumtherapy.ee\/wp-content\/uploads\/2026\/01\/unnamed.jpg 1176w\" sizes=\"(max-width: 850px) 100vw, 850px\" \/>\t\t\t\t\t\t\t\t\t\t\t\t\t\t\t<\/div>\n\t\t\t\t<\/div>\n\t\t<div class=\"elementor-element elementor-element-d929dc7 e-con-full e-flex e-con e-child\" data-id=\"d929dc7\" data-element_type=\"container\" data-e-type=\"container\">\n\t\t\t\t<div class=\"elementor-element elementor-element-d650fbc elementor-widget elementor-widget-text-editor\" data-id=\"d650fbc\" data-element_type=\"widget\" data-e-type=\"widget\" data-widget_type=\"text-editor.default\">\n\t\t\t\t\t\t\t\t\t<p>Olen oma karj\u00e4\u00e4ri jooksul t\u00f6\u00f6tanud nii \u00f5ppejuhina, HEVKO-na kui ka aine\u00f5petaja ja klassijuhatajana. See mitmek\u00fclgne pagas v\u00f5imaldab mul n\u00e4ha lapse v\u00f5i noore arengut tervikuna: alates varajasest m\u00e4rkamisest lasteaias kuni eduka suunamiseni t\u00f6\u00f6turule. Minu igap\u00e4evat\u00f6\u00f6d toetab pikaajaline koost\u00f6\u00f6 Astangu Kutserehabilitatsiooni Keskuse, Fertiilitase rehabilitatsioonimeeskonna ja Rajaleidja keskusega.<\/p><p>L\u00e4htun oma t\u00f6\u00f6s usust, et haridus on k\u00e4ttesaadav k\u00f5igile, kui luuakse \u00f5iged tingimused. Toetudes \u00fcle 17 000 t\u00f6\u00f6tunnile, enam kui 450 koostatud arenguhinnangule ja 1500+ individuaalsele lahendusele, pakun kindlat tuge peredele ja haridusasutustele. Osalemine rahvusvahelistel konverentsidel on andnud mulle v\u00e4rskeid metoodilisi teadmisi, mida p\u00f5imin oma n\u00f5ustamist\u00f6\u00f6sse, et tagada igale \u00f5ppijale parim v\u00f5imalik toimetulek.<\/p>\t\t\t\t\t\t\t\t<\/div>\n\t\t\t\t<\/div>\n\t\t\t\t\t<\/div>\n\t\t\t\t<\/div>\n\t\t<div class=\"elementor-element elementor-element-923b9e6 e-flex e-con-boxed e-con e-parent\" data-id=\"923b9e6\" data-element_type=\"container\" data-e-type=\"container\">\n\t\t\t\t\t<div class=\"e-con-inner\">\n\t\t\t\t<div class=\"elementor-element elementor-element-e5a68b7 elementor-widget elementor-widget-html\" data-id=\"e5a68b7\" data-element_type=\"widget\" data-e-type=\"widget\" data-widget_type=\"html.default\">\n\t\t\t\t\t<!-- EasyWeek Booking Software: https:\/\/easyweek.ee -->\r\n<script src=\"https:\/\/booking.easyweek.ee\/widget.js\"><\/script>\r\n<script>var ewWidget = new EasyWeekWidget({url: 'https:\/\/booking.easyweek.ee\/premium-therapy', button: { text: 'Teosta broneering', showText: true, color: '#ffffff', background: '#000000', textColor: '#383868', textBackground: '#ffffff' }})<\/script>\t\t\t\t<\/div>\n\t\t\t\t\t<\/div>\n\t\t\t\t<\/div>\n\t\t<div class=\"elementor-element elementor-element-4c602a9 e-flex e-con-boxed e-con e-parent\" data-id=\"4c602a9\" data-element_type=\"container\" data-e-type=\"container\">\n\t\t\t\t\t<div class=\"e-con-inner\">\n\t\t\t\t<div class=\"elementor-element elementor-element-21a0f0a elementor-widget elementor-widget-heading\" data-id=\"21a0f0a\" data-element_type=\"widget\" data-e-type=\"widget\" data-widget_type=\"heading.default\">\n\t\t\t\t\t<h3 class=\"elementor-heading-title elementor-size-default\">Kontakt<\/h3>\t\t\t\t<\/div>\n\t\t\t\t\t<\/div>\n\t\t\t\t<\/div>\n\t\t<div class=\"elementor-element elementor-element-d48f353 e-flex e-con-boxed e-con e-parent\" data-id=\"d48f353\" data-element_type=\"container\" data-e-type=\"container\">\n\t\t\t\t\t<div class=\"e-con-inner\">\n\t\t\t\t<div class=\"elementor-element elementor-element-218dc5f elementor-widget elementor-widget-text-editor\" data-id=\"218dc5f\" data-element_type=\"widget\" data-e-type=\"widget\" data-widget_type=\"text-editor.default\">\n\t\t\t\t\t\t\t\t\t<p>Siin leiate meie asukoha, kontakttelefoni ja e-posti aadressi, et saaksite meiega kiiresti \u00fchendust v\u00f5tta.<\/p><p><img decoding=\"async\" src=\"data:image\/svg+xml;base64,PHN2ZyB4bWxucz0iaHR0cDovL3d3dy53My5vcmcvMjAwMC9zdmciIHdpZHRoPSIyNCIgaGVpZ2h0PSIyNCIgZmlsbD0iIzAwMDAwMCIgdmlld0JveD0iMCAwIDI1NiAyNTYiPjxwYXRoIGQ9Ik0yMDAsMjI0SDE1MC41NEEyNjYuNTYsMjY2LjU2LDAsMCwwLDE3NCwyMDAuMjVjMjcuNDUtMzEuNTcsNDItNjQuODUsNDItOTYuMjVhODgsODgsMCwwLDAtMTc2LDBjMCwzMS40LDE0LjUxLDY0LjY4LDQyLDk2LjI1QTI2Ni41NiwyNjYuNTYsMCwwLDAsMTA1LjQ2LDIyNEg1NmE4LDgsMCwwLDAsMCwxNkgyMDBhOCw4LDAsMCwwLDAtMTZaTTU2LDEwNGE3Miw3MiwwLDAsMSwxNDQsMGMwLDU3LjIzLTU1LjQ3LDEwNS03MiwxMThDMTExLjQ3LDIwOSw1NiwxNjEuMjMsNTYsMTA0Wm0xMTIsMGE0MCw0MCwwLDEsMC00MCw0MEE0MCw0MCwwLDAsMCwxNjgsMTA0Wm0tNjQsMGEyNCwyNCwwLDEsMSwyNCwyNEEyNCwyNCwwLDAsMSwxMDQsMTA0WiI+PC9wYXRoPjwvc3ZnPg==\" alt=\"\" \/>Viimsi Teraapiakeskus<\/p><p>FORUS Spordikeskus Viimsi, Karulaugu 13, 74001, Viimsi vald<\/p><div><div><p><img decoding=\"async\" src=\"data:image\/svg+xml;base64,PHN2ZyB4bWxucz0iaHR0cDovL3d3dy53My5vcmcvMjAwMC9zdmciIHdpZHRoPSIyNCIgaGVpZ2h0PSIyNCIgZmlsbD0iIzAwMDAwMCIgdmlld0JveD0iMCAwIDI1NiAyNTYiPjxwYXRoIGQ9Ik0yMjIuMzcsMTU4LjQ2bC00Ny4xMS0yMS4xMS0uMTMtLjA2YTE2LDE2LDAsMCwwLTE1LjE3LDEuNCw4LjEyLDguMTIsMCwwLDAtLjc1LjU2TDEzNC44NywxNjBjLTE1LjQyLTcuNDktMzEuMzQtMjMuMjktMzguODMtMzguNTFsMjAuNzgtMjQuNzFjLjItLjI1LjM5LS41LjU3LS43N2ExNiwxNiwwLDAsMCwxLjMyLTE1LjA2bDAtLjEyTDk3LjU0LDMzLjY0YTE2LDE2LDAsMCwwLTE2LjYyLTkuNTJBNTYuMjYsNTYuMjYsMCwwLDAsMzIsODBjMCw3OS40LDY0LjYsMTQ0LDE0NCwxNDRhNTYuMjYsNTYuMjYsMCwwLDAsNTUuODgtNDguOTJBMTYsMTYsMCwwLDAsMjIyLjM3LDE1OC40NlpNMTc2LDIwOEExMjguMTQsMTI4LjE0LDAsMCwxLDQ4LDgwLDQwLjIsNDAuMiwwLDAsMSw4Mi44Nyw0MGEuNjEuNjEsMCwwLDAsMCwuMTJsMjEsNDdMODMuMiwxMTEuODZhNi4xMyw2LjEzLDAsMCwwLS41Ny43NywxNiwxNiwwLDAsMC0xLDE1LjdjOS4wNiwxOC41MywyNy43MywzNy4wNiw0Ni40Niw0Ni4xMWExNiwxNiwwLDAsMCwxNS43NS0xLjE0LDguNDQsOC40NCwwLDAsMCwuNzQtLjU2TDE2OC44OSwxNTJsNDcsMjEuMDVoMHMuMDgsMCwuMTEsMEE0MC4yMSw0MC4yMSwwLDAsMSwxNzYsMjA4WiI+PC9wYXRoPjwvc3ZnPg==\" alt=\"\" \/>\u00a0 +372 507 6936<\/p><p><img decoding=\"async\" src=\"data:image\/svg+xml;base64,PHN2ZyB4bWxucz0iaHR0cDovL3d3dy53My5vcmcvMjAwMC9zdmciIHdpZHRoPSIyNCIgaGVpZ2h0PSIyNCIgZmlsbD0iIzAwMDAwMCIgdmlld0JveD0iMCAwIDI1NiAyNTYiPjxwYXRoIGQ9Ik0yMjQsNDhIMzJhOCw4LDAsMCwwLTgsOFYxOTJhMTYsMTYsMCwwLDAsMTYsMTZIMjE2YTE2LDE2LDAsMCwwLDE2LTE2VjU2QTgsOCwwLDAsMCwyMjQsNDhaTTIwMy40Myw2NCwxMjgsMTMzLjE1LDUyLjU3LDY0Wk0yMTYsMTkySDQwVjc0LjE5bDgyLjU5LDc1LjcxYTgsOCwwLDAsMCwxMC44MiwwTDIxNiw3NC4xOVYxOTJaIj48L3BhdGg+PC9zdmc+\" alt=\"\" \/>karolihelia@premiumtherapy.ee<\/p><\/div><\/div>\t\t\t\t\t\t\t\t<\/div>\n\t\t\t\t\t<\/div>\n\t\t\t\t<\/div>\n\t\t<div class=\"elementor-element elementor-element-534f990 e-flex e-con-boxed e-con e-parent\" data-id=\"534f990\" data-element_type=\"container\" data-e-type=\"container\">\n\t\t\t\t\t<div class=\"e-con-inner\">\n\t\t\t\t<div class=\"elementor-element elementor-element-1d43c4d elementor-widget elementor-widget-google_maps\" data-id=\"1d43c4d\" data-element_type=\"widget\" data-e-type=\"widget\" data-widget_type=\"google_maps.default\">\n\t\t\t\t\t\t\t<div class=\"elementor-custom-embed\">\n\t\t\t<iframe loading=\"lazy\"\n\t\t\t\t\tsrc=\"https:\/\/maps.google.com\/maps?q=Viimsi%20Teraapiakeskus&#038;t=m&#038;z=15&#038;output=embed&#038;iwloc=near\"\n\t\t\t\t\ttitle=\"Viimsi Teraapiakeskus\"\n\t\t\t\t\taria-label=\"Viimsi Teraapiakeskus\"\n\t\t\t><\/iframe>\n\t\t<\/div>\n\t\t\t\t\t\t<\/div>\n\t\t\t\t\t<\/div>\n\t\t\t\t<\/div>\n\t\t<div class=\"elementor-element elementor-element-381c58c e-flex e-con-boxed e-con e-parent\" data-id=\"381c58c\" data-element_type=\"container\" data-e-type=\"container\">\n\t\t\t\t\t<div class=\"e-con-inner\">\n\t\t<div class=\"elementor-element elementor-element-a1b5bf7 e-con-full e-flex e-con e-child\" data-id=\"a1b5bf7\" data-element_type=\"container\" data-e-type=\"container\">\n\t\t\t\t<div class=\"elementor-element elementor-element-5610605 elementor-widget elementor-widget-image\" data-id=\"5610605\" data-element_type=\"widget\" data-e-type=\"widget\" data-widget_type=\"image.default\">\n\t\t\t\t\t\t\t\t\t\t\t\t\t\t\t<img decoding=\"async\" width=\"710\" height=\"1024\" src=\"https:\/\/premiumtherapy.ee\/wp-content\/uploads\/2026\/01\/Image_5gxovb5gxovb5gxo-710x1024.png\" class=\"attachment-large size-large wp-image-53\" alt=\"\" srcset=\"https:\/\/premiumtherapy.ee\/wp-content\/uploads\/2026\/01\/Image_5gxovb5gxovb5gxo-710x1024.png 710w, https:\/\/premiumtherapy.ee\/wp-content\/uploads\/2026\/01\/Image_5gxovb5gxovb5gxo-208x300.png 208w, https:\/\/premiumtherapy.ee\/wp-content\/uploads\/2026\/01\/Image_5gxovb5gxovb5gxo-768x1108.png 768w, https:\/\/premiumtherapy.ee\/wp-content\/uploads\/2026\/01\/Image_5gxovb5gxovb5gxo-8x12.png 8w, https:\/\/premiumtherapy.ee\/wp-content\/uploads\/2026\/01\/Image_5gxovb5gxovb5gxo.png 804w\" sizes=\"(max-width: 710px) 100vw, 710px\" \/>\t\t\t\t\t\t\t\t\t\t\t\t\t\t\t<\/div>\n\t\t\t\t<\/div>\n\t\t\t\t<div class=\"elementor-element elementor-element-89de3a9 elementor-widget__width-initial elementor-widget elementor-widget-wpforms\" data-id=\"89de3a9\" data-element_type=\"widget\" data-e-type=\"widget\" data-widget_type=\"wpforms.default\">\n\t\t\t\t<div class=\"elementor-widget-container\">\n\t\t\t\t\t<div class=\"wpforms-container wpforms-render-modern\" id=\"wpforms-14\"><form id=\"wpforms-form-14\" class=\"wpforms-validate wpforms-form wpforms-ajax-form\" data-formid=\"14\" method=\"post\" enctype=\"multipart\/form-data\" action=\"\/en\/wp-json\/wp\/v2\/pages\/213\" data-token=\"a4ab399a0af8344504c13c1a80b21bf5\" data-token-time=\"1776606522\"><noscript class=\"wpforms-error-noscript\">Please enable JavaScript in your browser to complete this form.<\/noscript><div id=\"wpforms-error-noscript\" style=\"display: none;\">Please enable JavaScript in your browser to complete this form.<\/div><div class=\"wpforms-field-container\">\t\t<div id=\"wpforms-14-field_5-container\"\n\t\t\tclass=\"wpforms-field wpforms-field-text\"\n\t\t\tdata-field-type=\"text\"\n\t\t\tdata-field-id=\"5\"\n\t\t\t>\n\t\t\t<label class=\"wpforms-field-label\" for=\"wpforms-14-field_5\" >Teema Nimi E-post<\/label>\n\t\t\t<input type=\"text\" id=\"wpforms-14-field_5\" class=\"wpforms-field-medium\" name=\"wpforms[fields][5]\" >\n\t\t<\/div>\n\t\t<div id=\"wpforms-14-field_1-container\" class=\"wpforms-field wpforms-field-name\" data-field-id=\"1\"><label class=\"wpforms-field-label\" for=\"wpforms-14-field_1\">Nimi <span class=\"wpforms-required-label\" aria-hidden=\"true\">*<\/span><\/label><input type=\"text\" id=\"wpforms-14-field_1\" class=\"wpforms-field-large wpforms-field-required\" name=\"wpforms[fields][1]\" aria-errormessage=\"wpforms-14-field_1-error\" required><\/div><div id=\"wpforms-14-field_2-container\" class=\"wpforms-field wpforms-field-email\" data-field-id=\"2\"><label class=\"wpforms-field-label\" for=\"wpforms-14-field_2\">E-post <span class=\"wpforms-required-label\" aria-hidden=\"true\">*<\/span><\/label><input type=\"email\" id=\"wpforms-14-field_2\" class=\"wpforms-field-large wpforms-field-required\" name=\"wpforms[fields][2]\" spellcheck=\"false\" aria-errormessage=\"wpforms-14-field_2-error\" required><\/div><div id=\"wpforms-14-field_3-container\" class=\"wpforms-field wpforms-field-text\" data-field-id=\"3\"><label class=\"wpforms-field-label\" for=\"wpforms-14-field_3\">Teema<\/label><input type=\"text\" id=\"wpforms-14-field_3\" class=\"wpforms-field-large\" name=\"wpforms[fields][3]\" aria-errormessage=\"wpforms-14-field_3-error\" ><\/div><div id=\"wpforms-14-field_4-container\" class=\"wpforms-field wpforms-field-textarea\" data-field-id=\"4\"><label class=\"wpforms-field-label\" for=\"wpforms-14-field_4\">S\u00f5num <span class=\"wpforms-required-label\" aria-hidden=\"true\">*<\/span><\/label><textarea id=\"wpforms-14-field_4\" class=\"wpforms-field-large wpforms-field-required\" name=\"wpforms[fields][4]\" aria-errormessage=\"wpforms-14-field_4-error\" required><\/textarea><\/div><script>\n\t\t\t\t( function() {\n\t\t\t\t\tconst style = document.createElement( 'style' );\n\t\t\t\t\tstyle.appendChild( document.createTextNode( '#wpforms-14-field_5-container { position: absolute !important; overflow: hidden !important; display: inline !important; height: 1px !important; width: 1px !important; z-index: -1000 !important; padding: 0 !important; } #wpforms-14-field_5-container input { visibility: hidden; } #wpforms-conversational-form-page #wpforms-14-field_5-container label { counter-increment: none; }' ) );\n\t\t\t\t\tdocument.head.appendChild( style );\n\t\t\t\t\tdocument.currentScript?.remove();\n\t\t\t\t} )();\n\t\t\t<\/script><\/div><!-- .wpforms-field-container --><div class=\"wpforms-submit-container\" ><input type=\"hidden\" name=\"wpforms[id]\" value=\"14\"><input type=\"hidden\" name=\"page_title\" value=\"\"><input type=\"hidden\" name=\"page_url\" value=\"https:\/\/premiumtherapy.ee\/en\/wp-json\/wp\/v2\/pages\/213\"><input type=\"hidden\" name=\"url_referer\" value=\"\"><button type=\"submit\" name=\"wpforms[submit]\" id=\"wpforms-submit-14\" class=\"wpforms-submit\" data-alt-text=\"Saadan...\" data-submit-text=\"Saada\" aria-live=\"assertive\" value=\"wpforms-submit\">Saada<\/button><img loading=\"lazy\" decoding=\"async\" src=\"https:\/\/premiumtherapy.ee\/wp-content\/plugins\/wpforms-lite\/assets\/images\/submit-spin.svg\" class=\"wpforms-submit-spinner\" style=\"display: none;\" width=\"26\" height=\"26\" alt=\"Loading\"><\/div><\/form><\/div>  <!-- .wpforms-container -->\t\t\t\t<\/div>\n\t\t\t\t<\/div>\n\t\t\t\t\t<\/div>\n\t\t\t\t<\/div>\n\t\t<div class=\"elementor-element elementor-element-aefa340 e-flex e-con-boxed e-con e-parent\" data-id=\"aefa340\" data-element_type=\"container\" data-e-type=\"container\">\n\t\t\t\t\t<div class=\"e-con-inner\">\n\t\t\t\t\t<\/div>\n\t\t\t\t<\/div>\n\t\t\t\t<\/div>\n\t\t","protected":false},"excerpt":{"rendered":"<p>Eripedagoogiline n\u00f5ustamine ja \u00f5piabi lastele\/noortele Eripedagoog\u00a0on tugispetsialist, kes aitab lapsi ja noori (sh t\u00e4iskasvanuid), kelle \u00f5ppimine v\u00f5i areng vajab tavap\u00e4rasest rohkem tuge. Eripedagoogi t\u00f6\u00f6 on m\u00e4rgata ja m\u00f5ista, miks lapsel v\u00f5ib \u00f5ppimises v\u00f5i \u00fcldises toimetulekus raskusi tekkida ning aitab leida sobivaid lahendusi. Mida eripedagoog teeb? Eripedagoog: hindab lapse\u00a0\u00f5pioskusi ja arengut selgitab v\u00e4lja,\u00a0millist tuge laps vajab [&hellip;]<\/p>\n","protected":false},"author":1,"featured_media":0,"parent":0,"menu_order":0,"comment_status":"closed","ping_status":"closed","template":"page-with-title","meta":{"_monsterinsights_skip_tracking":false,"_monsterinsights_sitenote_active":false,"_monsterinsights_sitenote_note":"","_monsterinsights_sitenote_category":0,"footnotes":""},"class_list":["post-213","page","type-page","status-publish","hentry"],"aioseo_notices":[],"_links":{"self":[{"href":"https:\/\/premiumtherapy.ee\/en\/wp-json\/wp\/v2\/pages\/213","targetHints":{"allow":["GET"]}}],"collection":[{"href":"https:\/\/premiumtherapy.ee\/en\/wp-json\/wp\/v2\/pages"}],"about":[{"href":"https:\/\/premiumtherapy.ee\/en\/wp-json\/wp\/v2\/types\/page"}],"author":[{"embeddable":true,"href":"https:\/\/premiumtherapy.ee\/en\/wp-json\/wp\/v2\/users\/1"}],"replies":[{"embeddable":true,"href":"https:\/\/premiumtherapy.ee\/en\/wp-json\/wp\/v2\/comments?post=213"}],"version-history":[{"count":70,"href":"https:\/\/premiumtherapy.ee\/en\/wp-json\/wp\/v2\/pages\/213\/revisions"}],"predecessor-version":[{"id":310,"href":"https:\/\/premiumtherapy.ee\/en\/wp-json\/wp\/v2\/pages\/213\/revisions\/310"}],"wp:attachment":[{"href":"https:\/\/premiumtherapy.ee\/en\/wp-json\/wp\/v2\/media?parent=213"}],"curies":[{"name":"wp","href":"https:\/\/api.w.org\/{rel}","templated":true}]}}